{"id":607,"date":"2011-05-22T22:37:01","date_gmt":"2011-05-22T20:37:01","guid":{"rendered":"http:\/\/adolfoplasencia.es\/blog\/?page_id=607"},"modified":"2016-07-08T18:46:07","modified_gmt":"2016-07-08T16:46:07","slug":"adolfo-plasencia-iniciativa-mitupv-exchange","status":"publish","type":"page","link":"https:\/\/adolfoplasencia.es\/blog\/adolfo-plasencia-iniciativa-mitupv-exchange\/","title":{"rendered":"Adolfo Plasencia Iniciativa MITUPV Exchange"},"content":{"rendered":"<div>\n<p><strong>The MITUPV Exchange is no longer active. It began in fall 2000 and ended in May 2011. For further information, please contact Douglas Morgenstern, dmorgen(at)mit(dot)edu (Director and co-founder) or Adolfo Plasencia, adolfoplasencia(at)gmail(dot)com (Director for Europe and co-founder).<\/strong><\/p>\n<p><strong>El intercambio MITUPV ya no est\u00e1 activo. Comenz\u00f3 en el oto\u00f1o del a\u00f1o 2000 y se termin\u00f3 en mayo 2011. Para m\u00e1s informaci\u00f3n, favor de comunicarse con Douglas Morgenstern, dmorgen(arroba)mit(punto)edu ; <\/strong><strong>o con Adolfo Plasencia (Director y co-fundador), adolfoplasencia(arroba)gmail(punto)com , (Director para Europa y co-fundador).<\/strong><\/p>\n<p>Contact:\u00a0<strong>Douglas Morgenstern:\u00a0 dmorgen(at)mit(dot)edu<\/strong><\/p>\n<p>Contacto:\u00a0<strong>Adolfo Plasencia:\u00a0 adolfoplasencia(arroba)gmail(punto)com<\/strong><\/p>\n<p>&#8230;&#8230;&#8230;&#8230;&#8230;&#8230;&#8230;&#8230;&#8230;&#8230;&#8230;&#8230;&#8230;&#8230;&#8230;&#8230;&#8230;&#8230;&#8230;&#8230;&#8230;&#8230;&#8230;&#8230;..<\/p>\n<p><a href=\"http:\/\/adolfoplasencia.files.wordpress.com\/2011\/05\/banner-mitupv1.jpg\"><img loading=\"lazy\" decoding=\"async\" title=\"Banner MITUPV -\" src=\"http:\/\/adolfoplasencia.files.wordpress.com\/2011\/05\/banner-mitupv1.jpg\" alt=\"\" width=\"450\" height=\"252\" \/><\/a><\/p>\n<h3>The MITUPV Exchange Social Network Initiative (A Uncommon Comunity)<\/h3>\n<p>The MITUPV Exchange, a pioneer the Social Network Initiative, begun in Fall 2000, is an online multimedia interchange between students taking Spanish at MIT (21f.703 Spanish III) and their counterparts at the UPV (Universidad Polit\u00e9cnica de Valencia) in Spain who study engineering and sometimes English. It is structured as a virtual university featuring categories dealing with academics, traditions, sports, extracurricular activities and social life, with text and multimedia content created by students themselves. Students from other universities in the U.S., Europe and Latin America have participated also and as of May 2011 there have been over 4557 registered community members. Emphasis is on student-created video, with content ranging from lab experiments and engineering contests to information about cities, architecture and culture. Founded by\u00a0Douglas\u00a0Morgenstern (project Director) and Adolfo Plasencia (co-founded and Direct for Europe) and Programmed by Aimee Lee and Kathy Lee under the supervision of Bryan Che in a course taught by Professors Hal Abelson and Philip Greenspun, the MITUPV Exchange anticipated by several years social networking features popularized by Facebook and YouTube.<\/p>\n<h3>La Iniciativa de Red Social de Aprendizaje MITUPV Exchange (Una Comunidad Descomunal)<\/h3>\n<p>El MITUPV Exchange, una pionera iniciativa de Red Social de Aprendizaje naci\u00f3 en el a\u00f1o 2000, como una plataforma multimedia online para el intercambio virtual en idioma espa\u00f1ol entre estudiantes de ingenieria y espa\u00f1ol centrados en la Clase del MIT (21f.703 Spanish III) y sus contrapartes de la UPV (Universidad Polit\u00e9cnica de Valencia) en Espa\u00f1a que estudiaban diversas ingenieria y, a veces, ingl\u00e9s. Estaba estructurada segun la forma de una universidad virtual &#8216;ideal&#8217; dotada de contenidos en las categor\u00edas &#8216;Academics&#8217;; tradiciones, deportes, actividades extracurriculares y vida social, con contenidos centrados en objetos multimedia (v\u00eddeos e im\u00e1genes) y textos creados ad hoc para el proyecto y publicados por los mismos estudiantes. Alumnos y profesores de otras universidades de EE.U.U, (Texas Univ., etc.) Europe (Combirdge Univ.) and Latinam\u00e9rica (EAFIT-Colombia, etc,) han participado desde al a\u00f1o 2000 hasta Mayo de 2011 acumulando una comunidad de 4.557miembros registrados. Los contenidos se realizaban centrados en el video combinados con im\u00e1genes y texto con los que describ\u00edan, desde sus experimentos de laborartorio y estudios de todo tipo de ingenier\u00edas a informaci\u00f3n sobre sus respectivas ciudades, arquitectura y culturas, as\u00ed como de su propia vida social y personal. Fundado por\u00a0Douglas\u00a0Morgenstern (Director del proyecto) y Adolfo Plasencia (co-fundador y Director para Europa), estaba basado en una plataforma de software creada ex-profeso y programada por \u00a0Aimee Lee and Kathy Lee bajo la supervisi\u00f3n of Bryan Che, \u00a0en un curso liderado por los prestigiosos catedr\u00e1ticos del MIT Hal Abelson and Philip Greenspun. El MITUPV Exchange se anticip\u00f3 bastantes a\u00f1os a las prestaciones del Social Media que tiempo despu\u00e9s fueron popularizadas en Internet social por empresas como Facebook and YouTube.<\/p>\n<p>&#8230;&#8230;&#8230;&#8230;&#8230;&#8230;&#8230;&#8230;&#8230;&#8230;&#8230;&#8230;&#8230;<\/p>\n<p><strong>Imagen de la p\u00e1gina oficial de MIT Global con la descripci\u00f3n de la Iniciativa MITUPV Exchange:<\/strong><\/p>\n<p>http:\/\/global.mit.edu\/projects\/project\/mitupv-exchange\/<strong><br \/>\n<\/strong><\/p>\n<p><a href=\"http:\/\/adolfoplasencia.files.wordpress.com\/2011\/05\/mitupv-mit-global.jpg\"><img loading=\"lazy\" decoding=\"async\" title=\"MITUPV MIT GLOBAL\" src=\"http:\/\/adolfoplasencia.files.wordpress.com\/2011\/05\/mitupv-mit-global.jpg?w=1024\" alt=\"Pagina oficial del MIT GLOBAL sobre MITUPV\" width=\"614\" height=\"549\" \/><\/a><\/p>\n<\/div>\n<p>&nbsp;<\/p>\n","protected":false},"excerpt":{"rendered":"<p>The MITUPV Exchange is no longer active. It began in fall 2000 and ended in May 2011. For further information, please contact Douglas Morgenstern, dmorgen(at)mit(dot)edu (Director and co-founder) or Adolfo Plasencia, adolfoplasencia(at)gmail(dot)com (Director for Europe and co-founder). El intercambio MITUPV ya no est\u00e1 activo. Comenz\u00f3 en el oto\u00f1o del a\u00f1o 2000 y se termin\u00f3 en [&hellip;]<\/p>\n","protected":false},"author":1,"featured_media":0,"parent":0,"menu_order":0,"comment_status":"open","ping_status":"closed","template":"","meta":{"footnotes":""},"class_list":["post-607","page","type-page","status-publish","hentry"],"_links":{"self":[{"href":"https:\/\/adolfoplasencia.es\/blog\/wp-json\/wp\/v2\/pages\/607","targetHints":{"allow":["GET"]}}],"collection":[{"href":"https:\/\/adolfoplasencia.es\/blog\/wp-json\/wp\/v2\/pages"}],"about":[{"href":"https:\/\/adolfoplasencia.es\/blog\/wp-json\/wp\/v2\/types\/page"}],"author":[{"embeddable":true,"href":"https:\/\/adolfoplasencia.es\/blog\/wp-json\/wp\/v2\/users\/1"}],"replies":[{"embeddable":true,"href":"https:\/\/adolfoplasencia.es\/blog\/wp-json\/wp\/v2\/comments?post=607"}],"version-history":[{"count":8,"href":"https:\/\/adolfoplasencia.es\/blog\/wp-json\/wp\/v2\/pages\/607\/revisions"}],"predecessor-version":[{"id":1369,"href":"https:\/\/adolfoplasencia.es\/blog\/wp-json\/wp\/v2\/pages\/607\/revisions\/1369"}],"wp:attachment":[{"href":"https:\/\/adolfoplasencia.es\/blog\/wp-json\/wp\/v2\/media?parent=607"}],"curies":[{"name":"wp","href":"https:\/\/api.w.org\/{rel}","templated":true}]}}